{"id":72,"date":"2012-03-31T00:47:23","date_gmt":"2012-03-31T00:47:23","guid":{"rendered":"http:\/\/www.rodolfogeiser.com.br\/site\/?page_id=72"},"modified":"2021-03-17T03:35:07","modified_gmt":"2021-03-17T03:35:07","slug":"publicacoes","status":"publish","type":"page","link":"https:\/\/rodolfogeiser.com.br\/blog\/publicacoes\/","title":{"rendered":"Publica\u00e7\u00f5es"},"content":{"rendered":"<p style=\"text-align: left;\"><span style=\"color: #000000;\">Clique nos links abaixo para visualizar as publica\u00e7\u00f5es:<\/span><\/p>\n<p style=\"text-align: left;\"><span style=\"color: #000000;\"><a style=\"color: #000000;\" href=\"https:\/\/rodolfogeiser.com.br\/relicario_patrimonio.pdf\" target=\"_blank\" rel=\"noopener noreferrer\"><strong>Revista \u2018Relic\u00e1rio\u2019 &#8211;\u00a0REFLETINDO SOBRE UM PATRIM\u00d4NIO EM PATAMAR SUPERIOR: O Esp\u00edrito Humano<\/strong><\/a><\/span><\/p>\n<p style=\"text-align: left;\"><span style=\"color: #000000;\"><strong><a style=\"color: #000000;\" href=\"https:\/\/rodolfogeiser.com.br\/relicario_sustentabilidade.pdf\" target=\"_blank\" rel=\"noopener noreferrer\">Revista \u2018Relic\u00e1rio\u2019 &#8211;\u00a0LAUDATO SI\u2019 E A SUSTENTABILIDADE: algumas reflex\u00f5es<\/a><\/strong><\/span><\/p>\n<p style=\"text-align: left;\"><span style=\"color: #000000;\"><a style=\"color: #000000;\" href=\"https:\/\/rodolfogeiser.com.br\/horticulture.pdf\" target=\"_blank\" rel=\"noopener noreferrer\"><strong>Revista ACTA Horticulturae \u2013 International Society for Horticultural Science . HIS 1108<\/strong><\/a><\/span><\/p>\n<p style=\"text-align: left;\"><span style=\"color: #000000;\"><strong><a style=\"color: #000000;\" href=\"http:\/\/www.rodolfogeiser.com.br\/revista.pdf\" target=\"_blank\" rel=\"noopener noreferrer\">Revista Paisagismo e Jardinagem n\u00ba 97<\/a><\/strong><\/span><\/p>\n<p><span style=\"color: #000000;\"><strong><a style=\"color: #000000;\" href=\"http:\/\/www.rodolfogeiser.com.br\/rodolfo\/materia_au.html\" target=\"_blank\" rel=\"noopener noreferrer\">Revista Arquitetura e Urbanismo (AU) n\u00ba 158<\/a><\/strong><\/span><\/p>\n<p><span style=\"color: #000000;\"><strong><a style=\"color: #000000;\" href=\"http:\/\/www.rodolfogeiser.com.br\/revista_natureza.pdf\" target=\"_blank\" rel=\"noopener noreferrer\">Revista Natureza n\u00ba 279<\/a><\/strong><\/span><\/p>\n<p><span style=\"color: #000000;\"><a style=\"color: #000000;\" href=\"https:\/\/www.facebook.com\/media\/set\/?set=a.173304352813247.54043.158577864285896&amp;type=1\" target=\"_blank\" rel=\"noopener noreferrer\"><strong>Revista Rochas de Qualidade<\/strong><\/a><\/span><\/p>\n<p><span style=\"color: #000000;\"><a style=\"color: #000000;\" href=\"http:\/\/mulher.uol.com.br\/casa-e-decoracao\/album\/rodolfogeiser_coberturasp_album.htm\" target=\"_blank\" rel=\"noopener noreferrer\"><strong>UOL Mulher &#8211; Casa &amp; Decora\u00e7\u00e3o (Cobertura SP)<\/strong><\/a><\/span><\/p>\n<p><span style=\"color: #000000;\"><a style=\"color: #000000;\" href=\"http:\/\/mulher.uol.com.br\/casa-e-decoracao\/album\/rodolfogeiser_tambore_album.htm\" target=\"_blank\" rel=\"noopener noreferrer\"><strong>UOL Mulher &#8211; Casa &amp; Decora\u00e7\u00e3o (Resid\u00eancia Tambor\u00e9)<\/strong><\/a><\/span><\/p>\n<p><span style=\"color: #000000;\"><a style=\"color: #000000;\" href=\"http:\/\/mulher.uol.com.br\/casa-e-decoracao\/projetos\/cobertura-de-edificio-em-sao-paulo-preza-nichos-de-natureza.htm\" target=\"_blank\" rel=\"noopener noreferrer\"><strong>UOL Mulher &#8211; Casa &amp; Decora\u00e7\u00e3o (Edif\u00edcio SP)<\/strong><\/a><\/span><\/p>\n<p><span style=\"color: #000000;\"><strong style=\"color: #000000;\">JEA &#8211;\u00a0<a style=\"color: #000000;\" href=\"http:\/\/www.rodolfogeiser.com.br\/jea-aruana.pdf\" target=\"_blank\" rel=\"noopener noreferrer\">Jornal do Engenheiro Agr\u00f4nomo &#8211; Aruan\u00e3<\/a><\/strong><\/span><\/p>\n<p><span style=\"color: #000000;\"><strong><a style=\"color: #000000;\" href=\"https:\/\/drive.google.com\/file\/d\/1FKxefwzYLsl3YFF67HipVAsqHdAGNBMv\/view?usp=sharing\" target=\"_blank\" rel=\"noopener noreferrer\"><b>\u201c\u00c1GUAS E AMAZ\u00d4NIA\u201d. <\/b>41 minutos<b>.\u00a0<\/b>Palestra Faculdade Agronomia Passo Fundo- RS em 06.Out.2020<b>.<\/b><\/a><\/strong><\/span><\/p>\n<p><span style=\"color: #000000;\"><a style=\"color: #000000;\" href=\"https:\/\/rodolfogeiser.com.br\/Amazonia.pdf\" target=\"_blank\" rel=\"noopener noreferrer\"><strong>JEA &#8211; Jornal do Engenheiro Agr\u00f4nomo &#8211; Amaz\u00f4nia: a quest\u00e3o essencial da regi\u00e3o \u00e9 a \u00e1gua.<\/strong><\/a><\/span><\/p>\n\n\n<p><\/p>\n","protected":false},"excerpt":{"rendered":"<p>Clique nos links abaixo para visualizar as publica\u00e7\u00f5es: Revista \u2018Relic\u00e1rio\u2019 &#8211;\u00a0REFLETINDO SOBRE UM PATRIM\u00d4NIO EM PATAMAR SUPERIOR: O Esp\u00edrito Humano Revista \u2018Relic\u00e1rio\u2019 &#8211;\u00a0LAUDATO SI\u2019 E A SUSTENTABILIDADE: algumas reflex\u00f5es Revista ACTA Horticulturae \u2013 International Society for Horticultural Science . HIS 1108 Revista Paisagismo e Jardinagem n\u00ba 97 Revista Arquitetura e Urbanismo (AU) n\u00ba 158 Revista&#8230;<\/p>\n","protected":false},"author":1,"featured_media":0,"parent":0,"menu_order":0,"comment_status":"open","ping_status":"open","template":"","meta":{"footnotes":""},"class_list":["post-72","page","type-page","status-publish","hentry"],"_links":{"self":[{"href":"https:\/\/rodolfogeiser.com.br\/blog\/wp-json\/wp\/v2\/pages\/72","targetHints":{"allow":["GET"]}}],"collection":[{"href":"https:\/\/rodolfogeiser.com.br\/blog\/wp-json\/wp\/v2\/pages"}],"about":[{"href":"https:\/\/rodolfogeiser.com.br\/blog\/wp-json\/wp\/v2\/types\/page"}],"author":[{"embeddable":true,"href":"https:\/\/rodolfogeiser.com.br\/blog\/wp-json\/wp\/v2\/users\/1"}],"replies":[{"embeddable":true,"href":"https:\/\/rodolfogeiser.com.br\/blog\/wp-json\/wp\/v2\/comments?post=72"}],"version-history":[{"count":16,"href":"https:\/\/rodolfogeiser.com.br\/blog\/wp-json\/wp\/v2\/pages\/72\/revisions"}],"predecessor-version":[{"id":738,"href":"https:\/\/rodolfogeiser.com.br\/blog\/wp-json\/wp\/v2\/pages\/72\/revisions\/738"}],"wp:attachment":[{"href":"https:\/\/rodolfogeiser.com.br\/blog\/wp-json\/wp\/v2\/media?parent=72"}],"curies":[{"name":"wp","href":"https:\/\/api.w.org\/{rel}","templated":true}]}}